{"id":3215,"date":"2022-03-19T11:51:38","date_gmt":"2022-03-19T08:51:38","guid":{"rendered":"https:\/\/annacarino.com.tr\/?post_type=product&amp;p=3215"},"modified":"2022-03-19T11:51:38","modified_gmt":"2022-03-19T08:51:38","slug":"3473-firfirli-beli-lastikli","status":"publish","type":"product","link":"https:\/\/annacarino.com.tr\/?product=3473-firfirli-beli-lastikli","title":{"rendered":"3473 &#8211; F\u0131rf\u0131rl\u0131 Beli Lastikli"},"content":{"rendered":"","protected":false},"excerpt":{"rendered":"","protected":false},"featured_media":3679,"comment_status":"closed","ping_status":"closed","template":"","meta":[],"product_brand":[],"product_cat":[146],"product_tag":[],"class_list":{"0":"post-3215","1":"product","2":"type-product","3":"status-publish","4":"has-post-thumbnail","6":"product_cat-anna-carino","8":"first","9":"instock","10":"shipping-taxable","11":"product-type-simple"},"_links":{"self":[{"href":"https:\/\/annacarino.com.tr\/index.php?rest_route=\/wp\/v2\/product\/3215","targetHints":{"allow":["GET"]}}],"collection":[{"href":"https:\/\/annacarino.com.tr\/index.php?rest_route=\/wp\/v2\/product"}],"about":[{"href":"https:\/\/annacarino.com.tr\/index.php?rest_route=\/wp\/v2\/types\/product"}],"replies":[{"embeddable":true,"href":"https:\/\/annacarino.com.tr\/index.php?rest_route=%2Fwp%2Fv2%2Fcomments&post=3215"}],"wp:featuredmedia":[{"embeddable":true,"href":"https:\/\/annacarino.com.tr\/index.php?rest_route=\/wp\/v2\/media\/3679"}],"wp:attachment":[{"href":"https:\/\/annacarino.com.tr\/index.php?rest_route=%2Fwp%2Fv2%2Fmedia&parent=3215"}],"wp:term":[{"taxonomy":"product_brand","embeddable":true,"href":"https:\/\/annacarino.com.tr\/index.php?rest_route=%2Fwp%2Fv2%2Fproduct_brand&post=3215"},{"taxonomy":"product_cat","embeddable":true,"href":"https:\/\/annacarino.com.tr\/index.php?rest_route=%2Fwp%2Fv2%2Fproduct_cat&post=3215"},{"taxonomy":"product_tag","embeddable":true,"href":"https:\/\/annacarino.com.tr\/index.php?rest_route=%2Fwp%2Fv2%2Fproduct_tag&post=3215"}],"curies":[{"name":"wp","href":"https:\/\/api.w.org\/{rel}","templated":true}]}}