{"id":3227,"date":"2022-03-19T11:51:39","date_gmt":"2022-03-19T08:51:39","guid":{"rendered":"https:\/\/annacarino.com.tr\/?post_type=product&#038;p=3227"},"modified":"2025-02-12T17:05:26","modified_gmt":"2025-02-12T14:05:26","slug":"3561-etegi-sulu-askili-elbise","status":"publish","type":"product","link":"https:\/\/annacarino.com.tr\/?product=3561-etegi-sulu-askili-elbise","title":{"rendered":"3561 &#8211; Ete\u011fi Sulu Ask\u0131l\u0131 Elbise"},"content":{"rendered":"","protected":false},"excerpt":{"rendered":"","protected":false},"featured_media":3315,"comment_status":"closed","ping_status":"closed","template":"","meta":[],"product_brand":[],"product_cat":[146],"product_tag":[],"class_list":{"0":"post-3227","1":"product","2":"type-product","3":"status-publish","4":"has-post-thumbnail","6":"product_cat-anna-carino","8":"first","9":"outofstock","10":"shipping-taxable","11":"product-type-simple"},"_links":{"self":[{"href":"https:\/\/annacarino.com.tr\/index.php?rest_route=\/wp\/v2\/product\/3227","targetHints":{"allow":["GET"]}}],"collection":[{"href":"https:\/\/annacarino.com.tr\/index.php?rest_route=\/wp\/v2\/product"}],"about":[{"href":"https:\/\/annacarino.com.tr\/index.php?rest_route=\/wp\/v2\/types\/product"}],"replies":[{"embeddable":true,"href":"https:\/\/annacarino.com.tr\/index.php?rest_route=%2Fwp%2Fv2%2Fcomments&post=3227"}],"wp:featuredmedia":[{"embeddable":true,"href":"https:\/\/annacarino.com.tr\/index.php?rest_route=\/wp\/v2\/media\/3315"}],"wp:attachment":[{"href":"https:\/\/annacarino.com.tr\/index.php?rest_route=%2Fwp%2Fv2%2Fmedia&parent=3227"}],"wp:term":[{"taxonomy":"product_brand","embeddable":true,"href":"https:\/\/annacarino.com.tr\/index.php?rest_route=%2Fwp%2Fv2%2Fproduct_brand&post=3227"},{"taxonomy":"product_cat","embeddable":true,"href":"https:\/\/annacarino.com.tr\/index.php?rest_route=%2Fwp%2Fv2%2Fproduct_cat&post=3227"},{"taxonomy":"product_tag","embeddable":true,"href":"https:\/\/annacarino.com.tr\/index.php?rest_route=%2Fwp%2Fv2%2Fproduct_tag&post=3227"}],"curies":[{"name":"wp","href":"https:\/\/api.w.org\/{rel}","templated":true}]}}