{"id":3794,"date":"2025-02-12T16:25:47","date_gmt":"2025-02-12T13:25:47","guid":{"rendered":"https:\/\/annacarino.com.tr\/?post_type=product&#038;p=3794"},"modified":"2025-02-12T17:07:54","modified_gmt":"2025-02-12T14:07:54","slug":"4317-robasi-nakisli-cepli-elbise","status":"publish","type":"product","link":"https:\/\/annacarino.com.tr\/?product=4317-robasi-nakisli-cepli-elbise","title":{"rendered":"4317 &#8211; Robas\u0131 Nak\u0131\u015fl\u0131 Cepli Elbise"},"content":{"rendered":"<p data-start=\"76\" data-end=\"127\"><strong data-start=\"76\" data-end=\"127\">Robas\u0131 Nak\u0131\u015fl\u0131 Cepli M\u00fcslin Elbise\u00a0<\/strong><\/p>\n<p data-start=\"129\" data-end=\"470\">\u00c7ocuklar\u0131n\u0131z i\u00e7in zarif ve rahat bir se\u00e7im ar\u0131yorsan\u0131z, 7-10 ya\u015f grubu i\u00e7in tasarlanm\u0131\u015f bu elbiseye bay\u0131lacaks\u0131n\u0131z! 4317 kodlu pamuklu m\u00fcslin kuma\u015ftan \u00fcretilen modelimiz, hem \u015f\u0131kl\u0131\u011f\u0131 hem de konforu bir arada sunuyor. \u00dczerindeki ince nak\u0131\u015f detaylar\u0131, elbiseye zarif bir hava katarken, pamuklu m\u00fcslin kuma\u015f\u0131 sayesinde g\u00fcn boyu rahatl\u0131k sa\u011fl\u0131yor.<\/p>\n<p data-start=\"472\" data-end=\"725\">D\u00f6rt farkl\u0131 renk se\u00e7ene\u011fiyle, her zevke ve tarzda uyum sa\u011flayacak bu elbise, hem \u00f6zel g\u00fcnlerde hem de g\u00fcnl\u00fck kullan\u0131mlarda rahatl\u0131kla tercih edilebilir. Hafif, nefes alabilen kuma\u015f\u0131 ve \u015f\u0131k tasar\u0131m\u0131 ile \u00e7ocu\u011funuzun dolab\u0131nda vazge\u00e7ilmez bir par\u00e7a olacak.<\/p>\n<ul data-start=\"727\" data-end=\"850\">\n<li data-start=\"727\" data-end=\"756\"><strong data-start=\"729\" data-end=\"743\">Ya\u015f Grubu:<\/strong> 7-8-9-10 ya\u015f<\/li>\n<li data-start=\"757\" data-end=\"784\"><strong data-start=\"759\" data-end=\"769\">Kuma\u015f:<\/strong> Pamuklu M\u00fcslin<\/li>\n<li data-start=\"785\" data-end=\"812\"><strong data-start=\"787\" data-end=\"800\">Detaylar:<\/strong> Zarif Nak\u0131\u015f , Cep<\/li>\n<li data-start=\"813\" data-end=\"850\"><strong data-start=\"815\" data-end=\"836\">Renk Se\u00e7enekleri:<\/strong> Bej, Krem, Ye\u015fil, Pudra<\/li>\n<\/ul>\n<p data-start=\"852\" data-end=\"928\">\u00c7ocu\u011funuzun \u015f\u0131kl\u0131\u011f\u0131 ve rahatl\u0131\u011f\u0131 i\u00e7in ideal olan bu elbiseyi hemen ke\u015ffedin!<\/p>\n","protected":false},"excerpt":{"rendered":"<ul data-start=\"727\" data-end=\"850\">\n<li data-start=\"727\" data-end=\"756\"><strong data-start=\"729\" data-end=\"743\">Ya\u015f Grubu:<\/strong> 7-8-9-10 ya\u015f<\/li>\n<li data-start=\"757\" data-end=\"784\"><strong data-start=\"759\" data-end=\"769\">Kuma\u015f:<\/strong> Pamuklu M\u00fcslin<\/li>\n<li data-start=\"785\" data-end=\"812\"><strong data-start=\"787\" data-end=\"800\">Detaylar:<\/strong> Zarif Nak\u0131\u015f , Cep<\/li>\n<li data-start=\"813\" data-end=\"850\"><strong data-start=\"815\" data-end=\"836\">Renk Se\u00e7enekleri:<\/strong> Bej, Krem, Ye\u015fil, Pudra<\/li>\n<\/ul>\n","protected":false},"featured_media":3797,"comment_status":"open","ping_status":"closed","template":"","meta":[],"product_brand":[204],"product_cat":[15,146],"product_tag":[],"class_list":{"0":"post-3794","1":"product","2":"type-product","3":"status-publish","4":"has-post-thumbnail","6":"product_brand-anna-carino","7":"product_cat-genel","8":"product_cat-anna-carino","10":"first","11":"instock","12":"shipping-taxable","13":"purchasable","14":"product-type-simple"},"_links":{"self":[{"href":"https:\/\/annacarino.com.tr\/index.php?rest_route=\/wp\/v2\/product\/3794","targetHints":{"allow":["GET"]}}],"collection":[{"href":"https:\/\/annacarino.com.tr\/index.php?rest_route=\/wp\/v2\/product"}],"about":[{"href":"https:\/\/annacarino.com.tr\/index.php?rest_route=\/wp\/v2\/types\/product"}],"replies":[{"embeddable":true,"href":"https:\/\/annacarino.com.tr\/index.php?rest_route=%2Fwp%2Fv2%2Fcomments&post=3794"}],"wp:featuredmedia":[{"embeddable":true,"href":"https:\/\/annacarino.com.tr\/index.php?rest_route=\/wp\/v2\/media\/3797"}],"wp:attachment":[{"href":"https:\/\/annacarino.com.tr\/index.php?rest_route=%2Fwp%2Fv2%2Fmedia&parent=3794"}],"wp:term":[{"taxonomy":"product_brand","embeddable":true,"href":"https:\/\/annacarino.com.tr\/index.php?rest_route=%2Fwp%2Fv2%2Fproduct_brand&post=3794"},{"taxonomy":"product_cat","embeddable":true,"href":"https:\/\/annacarino.com.tr\/index.php?rest_route=%2Fwp%2Fv2%2Fproduct_cat&post=3794"},{"taxonomy":"product_tag","embeddable":true,"href":"https:\/\/annacarino.com.tr\/index.php?rest_route=%2Fwp%2Fv2%2Fproduct_tag&post=3794"}],"curies":[{"name":"wp","href":"https:\/\/api.w.org\/{rel}","templated":true}]}}